{"id":32,"date":"2019-02-07T10:16:08","date_gmt":"2019-02-07T10:16:08","guid":{"rendered":"https:\/\/ripandi.com\/?page_id=32"},"modified":"2020-08-17T08:19:36","modified_gmt":"2020-08-17T08:19:36","slug":"inicio","status":"publish","type":"page","link":"https:\/\/ripandi.com\/","title":{"rendered":"Inicio"},"content":{"rendered":"<p>[et_pb_section fb_built=\u00bb1&#8243; fullwidth=\u00bbon\u00bb _builder_version=\u00bb3.22&#8243; custom_padding=\u00bb0px|0px|0|0px|false|false\u00bb][et_pb_fullwidth_slider _builder_version=\u00bb3.21.4&#8243; header_font=\u00bb||||||||\u00bb body_font=\u00bb||||||||\u00bb auto=\u00bbon\u00bb auto_speed=\u00bb3500&#8243;][et_pb_slide heading=\u00bbBienvenid@\u00bb use_bg_overlay=\u00bbon\u00bb bg_overlay_color=\u00bbrgba(0,0,0,0.1)\u00bb _builder_version=\u00bb3.17.6&#8243; header_font=\u00bb||||||||\u00bb header_text_color=\u00bbrgba(0,0,0,0)\u00bb background_image=\u00bbhttps:\/\/ripandi.com\/wp-content\/uploads\/2019\/02\/slider1.jpg\u00bb][\/et_pb_slide][et_pb_slide heading=\u00bbRipandi Distribuciones\u00bb _builder_version=\u00bb3.21.4&#8243; header_font=\u00bb||||||||\u00bb header_text_color=\u00bbrgba(0,0,0,0)\u00bb body_font=\u00bb||||||||\u00bb body_text_color=\u00bbrgba(0,0,0,0)\u00bb background_image=\u00bbhttps:\/\/ripandi.com\/wp-content\/uploads\/2019\/02\/13.jpg\u00bb]<\/p>\n<p>Vinos, cava, champagne, destilados, aguardientes, licores, pachar\u00e1n, ron, ginebra, cervezas artesanales, jamones, embutidos, quesos, aceites, conservas&#8230;<\/p>\n<p>[\/et_pb_slide][et_pb_slide heading=\u00bbRipandi Distribuciones\u00bb _builder_version=\u00bb3.21.4&#8243; header_font=\u00bb||||||||\u00bb header_text_color=\u00bb#b3b3b3&#8243; body_font=\u00bb||||||||\u00bb body_text_color=\u00bbrgba(0,0,0,0)\u00bb background_image=\u00bbhttps:\/\/ripandi.com\/wp-content\/uploads\/2019\/02\/1.jpg\u00bb]<\/p>\n<p><img loading=\"lazy\" decoding=\"async\" src=\"https:\/\/ripandi.com\/wp-content\/uploads\/2019\/02\/RIPANDI-1-300x225.png\" width=\"300\" height=\"225\" alt=\"\" class=\"wp-image-71 alignnone size-medium\" srcset=\"https:\/\/ripandi.com\/wp-content\/uploads\/2019\/02\/RIPANDI-1-300x225.png 300w, https:\/\/ripandi.com\/wp-content\/uploads\/2019\/02\/RIPANDI-1-600x450.png 600w, https:\/\/ripandi.com\/wp-content\/uploads\/2019\/02\/RIPANDI-1-768x576.png 768w, https:\/\/ripandi.com\/wp-content\/uploads\/2019\/02\/RIPANDI-1-510x382.png 510w, https:\/\/ripandi.com\/wp-content\/uploads\/2019\/02\/RIPANDI-1.png 1000w\" sizes=\"auto, (max-width: 300px) 100vw, 300px\" \/><\/p>\n<p>[\/et_pb_slide][et_pb_slide heading=\u00bbRipandi\u00bb _builder_version=\u00bb3.17.6&#8243; header_font=\u00bb||||||||\u00bb header_text_color=\u00bbrgba(163,149,0,0.86)\u00bb body_font=\u00bb||||||||\u00bb body_text_color=\u00bbrgba(0,0,0,0)\u00bb background_image=\u00bbhttps:\/\/ripandi.com\/wp-content\/uploads\/2019\/02\/p-5456212489001-brightcove-discover-la-rioja-spain-20170613-054732.jpg\u00bb]<\/p>\n<p><img loading=\"lazy\" decoding=\"async\" src=\"https:\/\/ripandi.com\/wp-content\/uploads\/2019\/02\/stars.png\" width=\"144\" height=\"23\" alt=\"\" class=\"wp-image-45 alignnone size-full\" \/><\/p>\n<p>[\/et_pb_slide][et_pb_slide heading=\u00bbBebida y alimentaci\u00f3n\u00bb _builder_version=\u00bb3.17.6&#8243; header_font=\u00bb||||||||\u00bb header_text_color=\u00bb#b3b3b3&#8243; body_font=\u00bb||||||||\u00bb body_text_color=\u00bbrgba(0,0,0,0)\u00bb background_image=\u00bbhttps:\/\/ripandi.com\/wp-content\/uploads\/2019\/02\/quesos.jpg\u00bb]<\/p>\n<p><img loading=\"lazy\" decoding=\"async\" src=\"https:\/\/ripandi.com\/wp-content\/uploads\/2019\/02\/RIPANDI-1-300x225.png\" width=\"300\" height=\"225\" alt=\"\" class=\"wp-image-71 alignnone size-medium\" srcset=\"https:\/\/ripandi.com\/wp-content\/uploads\/2019\/02\/RIPANDI-1-300x225.png 300w, https:\/\/ripandi.com\/wp-content\/uploads\/2019\/02\/RIPANDI-1-600x450.png 600w, https:\/\/ripandi.com\/wp-content\/uploads\/2019\/02\/RIPANDI-1-768x576.png 768w, https:\/\/ripandi.com\/wp-content\/uploads\/2019\/02\/RIPANDI-1-510x382.png 510w, https:\/\/ripandi.com\/wp-content\/uploads\/2019\/02\/RIPANDI-1.png 1000w\" sizes=\"auto, (max-width: 300px) 100vw, 300px\" \/><\/p>\n<p>[\/et_pb_slide][\/et_pb_fullwidth_slider][\/et_pb_section][et_pb_section fb_built=\u00bb1&#8243; _builder_version=\u00bb3.22&#8243; custom_padding=\u00bb9px|0px|6px|0px|false|false\u00bb][et_pb_row _builder_version=\u00bb3.25&#8243; module_alignment=\u00bbcenter\u00bb custom_padding=\u00bb0|0px|0|0px|false|false\u00bb][et_pb_column type=\u00bb4_4&#8243; _builder_version=\u00bb3.25&#8243; custom_padding=\u00bb|||\u00bb custom_padding__hover=\u00bb|||\u00bb][et_pb_image src=\u00bbhttps:\/\/ripandi.com\/wp-content\/uploads\/2019\/02\/sfghjkl.png\u00bb align=\u00bbcenter\u00bb align_tablet=\u00bbcenter\u00bb align_phone=\u00bb\u00bb align_last_edited=\u00bbon|desktop\u00bb _builder_version=\u00bb3.23&#8243; max_width=\u00bb72%\u00bb][\/et_pb_image][\/et_pb_column][\/et_pb_row][\/et_pb_section][et_pb_section fb_built=\u00bb1&#8243; _builder_version=\u00bb3.22&#8243; background_image=\u00bbhttps:\/\/ripandi.com\/wp-content\/uploads\/2019\/04\/Wine_Stemware_Gray_background_519487_2560x1600.jpg\u00bb custom_padding=\u00bb157px|0px|124px|0px|false|false\u00bb][et_pb_row _builder_version=\u00bb3.25&#8243; custom_padding=\u00bb0|0px|0|0px|false|false\u00bb][et_pb_column type=\u00bb4_4&#8243; _builder_version=\u00bb3.25&#8243; custom_padding=\u00bb|||\u00bb custom_padding__hover=\u00bb|||\u00bb][et_pb_cta title=\u00bb\u00bfQui\u00e9nes somos?\u00bb button_url=\u00bbhttps:\/\/ripandi.com\/?page_id=26&#8243; button_text=\u00bb\u00a1Con\u00f3cenos un poco m\u00e1s!\u00bb _builder_version=\u00bb3.21.4&#8243; header_font=\u00bb||||||||\u00bb header_text_color=\u00bb#000000&#8243; header_font_size=\u00bb38px\u00bb body_font=\u00bb||||||||\u00bb body_text_color=\u00bb#000000&#8243; body_font_size=\u00bb15px\u00bb background_color=\u00bbrgba(255,255,255,0)\u00bb custom_button=\u00bbon\u00bb button_text_size=\u00bb17px\u00bb button_bg_color=\u00bb#000000&#8243; button_border_color=\u00bb#000000&#8243; button_font=\u00bb||||||||\u00bb text_orientation=\u00bbright\u00bb]<\/p>\n<p>Ripandi es una empresa distribuidora del sector de la alimentaci\u00f3n.<\/p>\n<p>[\/et_pb_cta][\/et_pb_column][\/et_pb_row][et_pb_row _builder_version=\u00bb3.25&#8243; custom_padding=\u00bb0|0px|0|0px|false|false\u00bb][et_pb_column type=\u00bb4_4&#8243; _builder_version=\u00bb3.25&#8243; custom_padding=\u00bb|||\u00bb custom_padding__hover=\u00bb|||\u00bb][et_pb_cta title=\u00bbCat\u00e1logo de productos\u00bb button_url=\u00bbhttps:\/\/ripandi.com\/?page_id=275&#8243; button_text=\u00bbVer todo\u00bb _builder_version=\u00bb3.17.6&#8243; header_font=\u00bb||||||||\u00bb header_text_color=\u00bb#000000&#8243; header_font_size=\u00bb38px\u00bb body_font=\u00bb||||||||\u00bb body_text_color=\u00bb#000000&#8243; body_font_size=\u00bb15px\u00bb background_color=\u00bbrgba(255,255,255,0)\u00bb custom_button=\u00bbon\u00bb button_text_size=\u00bb17px\u00bb button_bg_color=\u00bb#000000&#8243; button_border_color=\u00bb#000000&#8243; button_font=\u00bb||||||||\u00bb text_orientation=\u00bbright\u00bb]Vinos, cervezas, quesos, aceites, caf\u00e9s, champagne&#8230;[\/et_pb_cta][\/et_pb_column][\/et_pb_row][\/et_pb_section][et_pb_section fb_built=\u00bb1&#8243; _builder_version=\u00bb3.22&#8243; custom_padding=\u00bb0|0px|0|0px|false|false\u00bb][et_pb_row column_structure=\u00bb1_3,1_3,1_3&#8243; use_custom_gutter=\u00bbon\u00bb gutter_width=\u00bb1&#8243; make_equal=\u00bbon\u00bb admin_label=\u00bbBest Beans Row\u00bb module_class=\u00bb et_pb_row_fullwidth\u00bb _builder_version=\u00bb3.25&#8243; width=\u00bb100%\u00bb width_tablet=\u00bb100%\u00bb width_phone=\u00bb\u00bb width_last_edited=\u00bbon|desktop\u00bb max_width=\u00bb100%\u00bb max_width_tablet=\u00bb100%\u00bb max_width_phone=\u00bb\u00bb max_width_last_edited=\u00bbon|desktop\u00bb custom_margin=\u00bb|||\u00bb custom_padding=\u00bb0px|0px|0|0px|false|false\u00bb make_fullwidth=\u00bbon\u00bb][et_pb_column type=\u00bb1_3&#8243; _builder_version=\u00bb3.25&#8243; custom_padding=\u00bb|||\u00bb custom_padding__hover=\u00bb|||\u00bb][et_pb_image src=\u00bbhttps:\/\/ripandi.com\/wp-content\/uploads\/2019\/02\/ribeira-sacra.jpg\u00bb force_fullwidth=\u00bbon\u00bb align_tablet=\u00bbcenter\u00bb align_phone=\u00bb\u00bb align_last_edited=\u00bbon|desktop\u00bb _builder_version=\u00bb3.23&#8243; locked=\u00bboff\u00bb][\/et_pb_image][\/et_pb_column][et_pb_column type=\u00bb1_3&#8243; _builder_version=\u00bb3.25&#8243; custom_padding=\u00bb|||\u00bb custom_padding__hover=\u00bb|||\u00bb][et_pb_image src=\u00bbhttps:\/\/ripandi.com\/wp-content\/uploads\/2019\/02\/restaurant-hero-03.jpg\u00bb force_fullwidth=\u00bbon\u00bb align_tablet=\u00bbcenter\u00bb align_phone=\u00bb\u00bb align_last_edited=\u00bbon|desktop\u00bb _builder_version=\u00bb3.23&#8243;][\/et_pb_image][\/et_pb_column][et_pb_column type=\u00bb1_3&#8243; _builder_version=\u00bb3.25&#8243; custom_padding=\u00bb|||\u00bb custom_padding__hover=\u00bb|||\u00bb][et_pb_image src=\u00bbhttps:\/\/ripandi.com\/wp-content\/uploads\/2019\/03\/37590675_l.jpg\u00bb force_fullwidth=\u00bbon\u00bb align_tablet=\u00bbcenter\u00bb align_phone=\u00bb\u00bb align_last_edited=\u00bbon|desktop\u00bb _builder_version=\u00bb3.23&#8243; locked=\u00bboff\u00bb][\/et_pb_image][\/et_pb_column][\/et_pb_row][\/et_pb_section][et_pb_section fb_built=\u00bb1&#8243; admin_label=\u00bbGallery\u00bb _builder_version=\u00bb3.22&#8243; background_color=\u00bb#000000&#8243; background_color_gradient_direction=\u00bb90deg\u00bb custom_padding=\u00bb0|0px|0|0px|false|false\u00bb locked=\u00bboff\u00bb][et_pb_row column_structure=\u00bb1_2,1_2&#8243; _builder_version=\u00bb3.25&#8243; background_color=\u00bb#000000&#8243; custom_padding=\u00bb39px|0px|38px|0px|false|false\u00bb][et_pb_column type=\u00bb1_2&#8243; _builder_version=\u00bb3.25&#8243; custom_padding=\u00bb|||\u00bb custom_padding__hover=\u00bb|||\u00bb][et_pb_text _builder_version=\u00bb3.27.4&#8243; text_font=\u00bb||||||||\u00bb text_text_color=\u00bb#ffffff\u00bb header_font=\u00bb||||||||\u00bb header_text_color=\u00bb#ffffff\u00bb header_3_font=\u00bb||||||||\u00bb header_3_text_color=\u00bb#ffffff\u00bb header_4_font=\u00bb||||||||\u00bb header_4_text_color=\u00bb#ffffff\u00bb background_color=\u00bb#000000&#8243; box_shadow_style=\u00bbpreset1&#8243;]<\/p>\n<h4 style=\"text-align: center;\"><strong><\/strong><\/h4>\n<h4 style=\"text-align: center;\"><strong><\/strong><\/h4>\n<h4 style=\"text-align: center;\"><strong>HORARIO<\/strong><\/h4>\n<h4 style=\"text-align: center;\"><span>De lunes a viernes <\/span><\/h4>\n<h4 style=\"text-align: center;\"><span>8:00 &#8211; 13:00 <\/span><\/h4>\n<h4 style=\"text-align: center;\"><span>16:15 &#8211; 18:00<\/span><\/h4>\n<h4 style=\"text-align: center;\"><span><\/span><\/h4>\n<h4 style=\"text-align: center;\"><strong>DIRECCI\u00d3N<\/strong><\/h4>\n<h4 style=\"text-align: center;\"><span>Avda. Brasil, 64 <\/span><\/h4>\n<h4 style=\"text-align: center;\"><span>GOIAN &#8211; 36750 <\/span><\/h4>\n<h4 style=\"text-align: center;\"><span class=\"font-weight-bold\">Tomi\u00f1o<\/span><span>\u00a0(Pontevedra)<\/span><\/h4>\n<p><span><\/span><\/p>\n<h4 style=\"text-align: center;\"><strong>TEL\u00c9FONO<\/strong><\/h4>\n<h4 style=\"text-align: center;\">986 620 396<\/h4>\n<p>&nbsp;<\/p>\n<p>[\/et_pb_text][\/et_pb_column][et_pb_column type=\u00bb1_2&#8243; _builder_version=\u00bb3.25&#8243; custom_padding=\u00bb|||\u00bb custom_padding__hover=\u00bb|||\u00bb][et_pb_contact_form use_spam_service=\u00bbon\u00bb recaptcha_list=\u00bbRipandi-0&#8243; module_id=\u00bbet_pb_contact_form_0&#8243; _builder_version=\u00bb4.5.6&#8243; form_field_background_color=\u00bbrgba(255,255,255,0.52)\u00bb form_field_text_color=\u00bb#ffffff\u00bb title_font=\u00bb||||||||\u00bb title_font_size=\u00bb25px\u00bb form_field_font=\u00bb||||||||\u00bb form_field_font_size=\u00bb15px\u00bb form_field_line_height=\u00bb1.8em\u00bb background_color=\u00bb#000000&#8243; hover_enabled=\u00bb0&#8243; form_background_color=\u00bbrgba(255,255,255,0.52)\u00bb][et_pb_contact_field field_id=\u00bbName\u00bb field_title=\u00bbNombre\u00bb _builder_version=\u00bb3.17.6&#8243; button_text_size__hover_enabled=\u00bboff\u00bb button_one_text_size__hover_enabled=\u00bboff\u00bb button_two_text_size__hover_enabled=\u00bboff\u00bb button_text_color__hover_enabled=\u00bboff\u00bb button_one_text_color__hover_enabled=\u00bboff\u00bb button_two_text_color__hover_enabled=\u00bboff\u00bb button_border_width__hover_enabled=\u00bboff\u00bb button_one_border_width__hover_enabled=\u00bboff\u00bb button_two_border_width__hover_enabled=\u00bboff\u00bb button_border_color__hover_enabled=\u00bboff\u00bb button_one_border_color__hover_enabled=\u00bboff\u00bb button_two_border_color__hover_enabled=\u00bboff\u00bb button_border_radius__hover_enabled=\u00bboff\u00bb button_one_border_radius__hover_enabled=\u00bboff\u00bb button_two_border_radius__hover_enabled=\u00bboff\u00bb button_letter_spacing__hover_enabled=\u00bboff\u00bb button_one_letter_spacing__hover_enabled=\u00bboff\u00bb button_two_letter_spacing__hover_enabled=\u00bboff\u00bb button_bg_color__hover_enabled=\u00bboff\u00bb button_one_bg_color__hover_enabled=\u00bboff\u00bb button_two_bg_color__hover_enabled=\u00bboff\u00bb][\/et_pb_contact_field][et_pb_contact_field field_id=\u00bbEmail\u00bb field_title=\u00bbDirecci\u00f3n de correo electr\u00f3nico\u00bb field_type=\u00bbemail\u00bb _builder_version=\u00bb3.16&#8243; button_text_size__hover_enabled=\u00bboff\u00bb button_one_text_size__hover_enabled=\u00bboff\u00bb button_two_text_size__hover_enabled=\u00bboff\u00bb button_text_color__hover_enabled=\u00bboff\u00bb button_one_text_color__hover_enabled=\u00bboff\u00bb button_two_text_color__hover_enabled=\u00bboff\u00bb button_border_width__hover_enabled=\u00bboff\u00bb button_one_border_width__hover_enabled=\u00bboff\u00bb button_two_border_width__hover_enabled=\u00bboff\u00bb button_border_color__hover_enabled=\u00bboff\u00bb button_one_border_color__hover_enabled=\u00bboff\u00bb button_two_border_color__hover_enabled=\u00bboff\u00bb button_border_radius__hover_enabled=\u00bboff\u00bb button_one_border_radius__hover_enabled=\u00bboff\u00bb button_two_border_radius__hover_enabled=\u00bboff\u00bb button_letter_spacing__hover_enabled=\u00bboff\u00bb button_one_letter_spacing__hover_enabled=\u00bboff\u00bb button_two_letter_spacing__hover_enabled=\u00bboff\u00bb button_bg_color__hover_enabled=\u00bboff\u00bb button_one_bg_color__hover_enabled=\u00bboff\u00bb button_two_bg_color__hover_enabled=\u00bboff\u00bb][\/et_pb_contact_field][et_pb_contact_field field_id=\u00bbMessage\u00bb field_title=\u00bbMensaje\u00bb field_type=\u00bbtext\u00bb fullwidth_field=\u00bbon\u00bb _builder_version=\u00bb3.16&#8243; button_text_size__hover_enabled=\u00bboff\u00bb button_one_text_size__hover_enabled=\u00bboff\u00bb button_two_text_size__hover_enabled=\u00bboff\u00bb button_text_color__hover_enabled=\u00bboff\u00bb button_one_text_color__hover_enabled=\u00bboff\u00bb button_two_text_color__hover_enabled=\u00bboff\u00bb button_border_width__hover_enabled=\u00bboff\u00bb button_one_border_width__hover_enabled=\u00bboff\u00bb button_two_border_width__hover_enabled=\u00bboff\u00bb button_border_color__hover_enabled=\u00bboff\u00bb button_one_border_color__hover_enabled=\u00bboff\u00bb button_two_border_color__hover_enabled=\u00bboff\u00bb button_border_radius__hover_enabled=\u00bboff\u00bb button_one_border_radius__hover_enabled=\u00bboff\u00bb button_two_border_radius__hover_enabled=\u00bboff\u00bb button_letter_spacing__hover_enabled=\u00bboff\u00bb button_one_letter_spacing__hover_enabled=\u00bboff\u00bb button_two_letter_spacing__hover_enabled=\u00bboff\u00bb button_bg_color__hover_enabled=\u00bboff\u00bb button_one_bg_color__hover_enabled=\u00bboff\u00bb button_two_bg_color__hover_enabled=\u00bboff\u00bb][\/et_pb_contact_field][\/et_pb_contact_form][\/et_pb_column][\/et_pb_row][\/et_pb_section]<\/p>\n","protected":false},"excerpt":{"rendered":"<p>Vinos, cava, champagne, destilados, aguardientes, licores, pachar\u00e1n, ron, ginebra, cervezas artesanales, jamones, embutidos, quesos, aceites, conservas&#8230;Ripandi es una empresa distribuidora del sector de la alimentaci\u00f3n.Vinos, cervezas, quesos, aceites, caf\u00e9s, champagne&#8230; HORARIO De lunes a viernes 8:00 &#8211; 13:00 16:15 &#8211; 18:00 DIRECCI\u00d3N Avda. Brasil, 64 GOIAN &#8211; 36750 Tomi\u00f1o\u00a0(Pontevedra) TEL\u00c9FONO 986 620 396 &nbsp;<\/p>\n","protected":false},"author":1,"featured_media":0,"parent":0,"menu_order":0,"comment_status":"closed","ping_status":"closed","template":"","meta":{"_et_pb_use_builder":"on","_et_pb_old_content":"","_et_gb_content_width":"","footnotes":""},"class_list":["post-32","page","type-page","status-publish","hentry"],"_links":{"self":[{"href":"https:\/\/ripandi.com\/index.php?rest_route=\/wp\/v2\/pages\/32","targetHints":{"allow":["GET"]}}],"collection":[{"href":"https:\/\/ripandi.com\/index.php?rest_route=\/wp\/v2\/pages"}],"about":[{"href":"https:\/\/ripandi.com\/index.php?rest_route=\/wp\/v2\/types\/page"}],"author":[{"embeddable":true,"href":"https:\/\/ripandi.com\/index.php?rest_route=\/wp\/v2\/users\/1"}],"replies":[{"embeddable":true,"href":"https:\/\/ripandi.com\/index.php?rest_route=%2Fwp%2Fv2%2Fcomments&post=32"}],"version-history":[{"count":40,"href":"https:\/\/ripandi.com\/index.php?rest_route=\/wp\/v2\/pages\/32\/revisions"}],"predecessor-version":[{"id":1048,"href":"https:\/\/ripandi.com\/index.php?rest_route=\/wp\/v2\/pages\/32\/revisions\/1048"}],"wp:attachment":[{"href":"https:\/\/ripandi.com\/index.php?rest_route=%2Fwp%2Fv2%2Fmedia&parent=32"}],"curies":[{"name":"wp","href":"https:\/\/api.w.org\/{rel}","templated":true}]}}